{"id":8757,"date":"2020-01-07T13:16:42","date_gmt":"2020-01-07T13:16:42","guid":{"rendered":"https:\/\/epood.subaruhooldus.ee\/?post_type=product&#038;p=8757"},"modified":"2020-01-07T13:16:42","modified_gmt":"2020-01-07T13:16:42","slug":"rpsssvx","status":"publish","type":"product","link":"https:\/\/epood.subaruhooldus.ee\/?product=rpsssvx","title":{"rendered":"RPSSSVX"},"content":{"rendered":"<table>\n<tbody>\n<tr>\n<td>NAZWA US\u0141UGI<\/td>\n<td colspan=\"5\">\u00a0Us\u0142uga regeneracji poduszek silnika (L+P)<br \/>\nSUBARU SVX<\/td>\n<td colspan=\"3\" rowspan=\"3\">&nbsp;<\/td>\n<\/tr>\n<tr>\n<td>KOD DEUTER<\/td>\n<td colspan=\"5\">\u00a0RPSSSVX<\/td>\n<\/tr>\n<tr>\n<td>\u00a0NR OE LUB ZASTOSOWANIE<\/td>\n<td colspan=\"5\">SUBARU 41022-PA010<br \/>\nSUBARU 41022-PA000<\/td>\n<\/tr>\n<tr>\n<td colspan=\"9\">W przypadku zam\u00f3wienia z\u0142o\u017conego poprzez sklep internetowy w\/w kompletne ko\u0142o nale\u017cy wys\u0142a\u0107 na adres naszej firmy (patrz zak\u0142adka kontakt) wraz z wygenerowanym przez nasz system sprzeda\u017cy internetowej nr ID zam\u00f3wienia sklepowego.<br \/>\n*******************************************************************************************<br \/>\nWarning! This is a service regeneration!<br \/>\nThe above mentioned complete rubber-metal crankshaft damper pulley needs to be sent to the address of our company together with the purchase ID of our online shop!<\/td>\n<\/tr>\n<tr>\n<td colspan=\"4\">OPIS US\u0141UGI<\/td>\n<td>SZT.<\/td>\n<td>\u00d8\u00a0(mm)<\/td>\n<td colspan=\"3\">TWARDO\u015a\u0106 ShA<\/td>\n<\/tr>\n<tr>\n<td colspan=\"4\">\u00a0Regeneracja poduszki silnika (LEWA + PRAWA)<\/td>\n<td>2<\/td>\n<td>&nbsp;<\/td>\n<td><strong>65<\/strong><\/td>\n<td><\/td>\n<td><\/td>\n<\/tr>\n<tr>\n<td colspan=\"9\"><\/td>\n<\/tr>\n<tr>\n<td colspan=\"9\"><em>Najcz\u0119\u015bciej zalecan\u0105 przez nasz\u0105 firm\u0119 twardo\u015bci\u0105 poliuretanu stosowan\u0105 w regeneracji poduszek jest system 60\/65 ShA.<br \/>\nW szczeg\u00f3lnych przypadkach mo\u017ce by\u0107 inna, wy\u017csza lub ni\u017csza.<br \/>\nProjektowanie odbywa si\u0119 na podstawie (gumowego) orygina\u0142u, jego charakterystyki, zastosowania oraz przeznaczenia samego pojazdu.<\/em><br \/>\n<em>Je\u015bli decyduj\u0105 si\u0119 Pa\u0144stwo na regeneracj\u0119 ko\u0142a w innej twardo\u015bci ni\u017c zalecana przez nasz zesp\u00f3\u0142, prosimy o wype\u0142nienie formularza dost\u0119pnego z tego\u00a0<a href=\"https:\/\/poliuretany.olkusz.pl\/pl\/contact\">linku<\/a>\u00a0w\/g wzoru o\u015bwiadczenia kt\u00f3ry mo\u017cna pobra\u0107 tej\u00a0<a href=\"http:\/\/serwer1439041.home.pl\/download\/reg1.pdf\">lokalizacji.<\/a><\/em><\/td>\n<\/tr>\n<tr>\n<td colspan=\"9\">Oferta dotyczy ko\u0142a dok\u0142adnie takiego jak przedstawione na zdj\u0119ciu.<\/td>\n<\/tr>\n<tr>\n<td colspan=\"9\">UWAGA!<br \/>\nKo\u0142a podczas regeneracji poddawane s\u0105 wed\u0142ug indywidualnych ustale\u0144 procesom:<br \/>\nSZLIFOWANIA \/ \u015aRUTOWANIA \/ WYTRAWIANIA \/ CYNKOWANIA \/ MALOWANIA<br \/>\nNie zalecamy ich wcze\u015bniejszego przygotowania we w\u0142asnym zakresie.<\/td>\n<\/tr>\n<\/tbody>\n<\/table>\n","protected":false},"excerpt":{"rendered":"<p>NAZWA US\u0141UGI \u00a0Us\u0142uga regeneracji poduszek silnika (L+P) SUBARU SVX &nbsp; KOD DEUTER \u00a0RPSSSVX \u00a0NR OE LUB ZASTOSOWANIE SUBARU 41022-PA010 SUBARU 41022-PA000 W przypadku zam\u00f3wienia z\u0142o\u017conego poprzez sklep internetowy w\/w kompletne ko\u0142o nale\u017cy wys\u0142a\u0107 na adres naszej firmy (patrz zak\u0142adka kontakt) wraz z wygenerowanym przez nasz system sprzeda\u017cy internetowej nr ID zam\u00f3wienia sklepowego. ******************************************************************************************* Warning! This<span class=\"read-more-faq\"><a href=\"https:\/\/epood.subaruhooldus.ee\/?product=rpsssvx\">Read More<\/a><\/span><\/p>\n","protected":false},"featured_media":8758,"template":"","meta":{"_monsterinsights_skip_tracking":false,"_monsterinsights_sitenote_active":false,"_monsterinsights_sitenote_note":"","_monsterinsights_sitenote_category":0},"product_brand":[],"product_cat":[287],"product_tag":[288],"class_list":{"0":"post-8757","1":"product","2":"type-product","3":"status-publish","4":"has-post-thumbnail","6":"product_cat-svx-deuter","7":"product_tag-deuter-svx","9":"first","10":"onbackorder","11":"taxable","12":"shipping-taxable","13":"product-type-simple"},"aioseo_notices":[],"_links":{"self":[{"href":"https:\/\/epood.subaruhooldus.ee\/index.php?rest_route=\/wp\/v2\/product\/8757","targetHints":{"allow":["GET"]}}],"collection":[{"href":"https:\/\/epood.subaruhooldus.ee\/index.php?rest_route=\/wp\/v2\/product"}],"about":[{"href":"https:\/\/epood.subaruhooldus.ee\/index.php?rest_route=\/wp\/v2\/types\/product"}],"version-history":[{"count":1,"href":"https:\/\/epood.subaruhooldus.ee\/index.php?rest_route=\/wp\/v2\/product\/8757\/revisions"}],"predecessor-version":[{"id":8759,"href":"https:\/\/epood.subaruhooldus.ee\/index.php?rest_route=\/wp\/v2\/product\/8757\/revisions\/8759"}],"wp:featuredmedia":[{"embeddable":true,"href":"https:\/\/epood.subaruhooldus.ee\/index.php?rest_route=\/wp\/v2\/media\/8758"}],"wp:attachment":[{"href":"https:\/\/epood.subaruhooldus.ee\/index.php?rest_route=%2Fwp%2Fv2%2Fmedia&parent=8757"}],"wp:term":[{"taxonomy":"product_brand","embeddable":true,"href":"https:\/\/epood.subaruhooldus.ee\/index.php?rest_route=%2Fwp%2Fv2%2Fproduct_brand&post=8757"},{"taxonomy":"product_cat","embeddable":true,"href":"https:\/\/epood.subaruhooldus.ee\/index.php?rest_route=%2Fwp%2Fv2%2Fproduct_cat&post=8757"},{"taxonomy":"product_tag","embeddable":true,"href":"https:\/\/epood.subaruhooldus.ee\/index.php?rest_route=%2Fwp%2Fv2%2Fproduct_tag&post=8757"}],"curies":[{"name":"wp","href":"https:\/\/api.w.org\/{rel}","templated":true}]}}