{"id":8740,"date":"2020-01-07T10:39:03","date_gmt":"2020-01-07T10:39:03","guid":{"rendered":"https:\/\/epood.subaruhooldus.ee\/?post_type=product&#038;p=8740"},"modified":"2020-01-07T10:39:03","modified_gmt":"2020-01-07T10:39:03","slug":"kplpur25","status":"publish","type":"product","link":"https:\/\/epood.subaruhooldus.ee\/?product=kplpur25","title":{"rendered":"KPLPUR25"},"content":{"rendered":"<p><strong>SUBARU \/ SUZUKI<\/strong><\/p>\n<p><strong>W SK\u0141AD SPRZEDA\u017bY WCHODZI:\u00a0<\/strong><\/p>\n<p><strong>2\u00a0x PUR25 &#8211; tuleja dr\u0105\u017cka stabilizatora przedniego &#8211; \u00d822mm &#8211;\u00a075ShA\/85ShA\/90ShA<br \/>\n<\/strong><\/p>\n<p><strong>1 x smar silikonowy do monta\u017cu<\/strong><\/p>\n<p>ZASTOSOWANIE:<br \/>\nSUBARU<br \/>\nJUSTY II (JMA, MS)<br \/>\nSUZUKI<br \/>\nBALENO liftback (EG), BALENO (EG), BALENO combi (EG), LIANA (ER, RH_), LIANA combi (ER), SWIFT II liftback (EA, MA), SWIFT II sedan (AH, AJ)<\/p>\n<p>NR OE:<br \/>\n517574 &#8211; GSP<br \/>\nSBS-8506 &#8211; KAVO PARTS<br \/>\nC9816 &#8211; LYNXAUTO<br \/>\n600000132320 &#8211; MAGNETI MARELLI<br \/>\n89-61011-SX &#8211; STELLOX<br \/>\n42431-70C00 &#8211; SUZUKI<br \/>\n42431-70C00-000 &#8211; SUZUKI<br \/>\nJ78002YMT &#8211; YAMATO<\/p>\n","protected":false},"excerpt":{"rendered":"<p>SUBARU \/ SUZUKI W SK\u0141AD SPRZEDA\u017bY WCHODZI:\u00a0 2\u00a0x PUR25 &#8211; tuleja dr\u0105\u017cka stabilizatora przedniego &#8211; \u00d822mm &#8211;\u00a075ShA\/85ShA\/90ShA 1 x smar silikonowy do monta\u017cu ZASTOSOWANIE: SUBARU JUSTY II (JMA, MS) SUZUKI BALENO liftback (EG), BALENO (EG), BALENO combi (EG), LIANA (ER, RH_), LIANA combi (ER), SWIFT II liftback (EA, MA), SWIFT II sedan (AH, AJ) NR<span class=\"read-more-faq\"><a href=\"https:\/\/epood.subaruhooldus.ee\/?product=kplpur25\">Read More<\/a><\/span><\/p>\n","protected":false},"featured_media":8741,"template":"","meta":{"_monsterinsights_skip_tracking":false,"_monsterinsights_sitenote_active":false,"_monsterinsights_sitenote_note":"","_monsterinsights_sitenote_category":0},"product_brand":[],"product_cat":[279],"product_tag":[280],"class_list":{"0":"post-8740","1":"product","2":"type-product","3":"status-publish","4":"has-post-thumbnail","6":"product_cat-justy-1984-2003-deuter","7":"product_tag-deuter-justy","9":"first","10":"onbackorder","11":"taxable","12":"shipping-taxable","13":"product-type-simple"},"aioseo_notices":[],"_links":{"self":[{"href":"https:\/\/epood.subaruhooldus.ee\/index.php?rest_route=\/wp\/v2\/product\/8740","targetHints":{"allow":["GET"]}}],"collection":[{"href":"https:\/\/epood.subaruhooldus.ee\/index.php?rest_route=\/wp\/v2\/product"}],"about":[{"href":"https:\/\/epood.subaruhooldus.ee\/index.php?rest_route=\/wp\/v2\/types\/product"}],"version-history":[{"count":1,"href":"https:\/\/epood.subaruhooldus.ee\/index.php?rest_route=\/wp\/v2\/product\/8740\/revisions"}],"predecessor-version":[{"id":8742,"href":"https:\/\/epood.subaruhooldus.ee\/index.php?rest_route=\/wp\/v2\/product\/8740\/revisions\/8742"}],"wp:featuredmedia":[{"embeddable":true,"href":"https:\/\/epood.subaruhooldus.ee\/index.php?rest_route=\/wp\/v2\/media\/8741"}],"wp:attachment":[{"href":"https:\/\/epood.subaruhooldus.ee\/index.php?rest_route=%2Fwp%2Fv2%2Fmedia&parent=8740"}],"wp:term":[{"taxonomy":"product_brand","embeddable":true,"href":"https:\/\/epood.subaruhooldus.ee\/index.php?rest_route=%2Fwp%2Fv2%2Fproduct_brand&post=8740"},{"taxonomy":"product_cat","embeddable":true,"href":"https:\/\/epood.subaruhooldus.ee\/index.php?rest_route=%2Fwp%2Fv2%2Fproduct_cat&post=8740"},{"taxonomy":"product_tag","embeddable":true,"href":"https:\/\/epood.subaruhooldus.ee\/index.php?rest_route=%2Fwp%2Fv2%2Fproduct_tag&post=8740"}],"curies":[{"name":"wp","href":"https:\/\/api.w.org\/{rel}","templated":true}]}}