{"id":8723,"date":"2020-01-07T10:15:27","date_gmt":"2020-01-07T10:15:27","guid":{"rendered":"https:\/\/epood.subaruhooldus.ee\/?post_type=product&#038;p=8723"},"modified":"2020-01-07T10:15:27","modified_gmt":"2020-01-07T10:15:27","slug":"sikpl2","status":"publish","type":"product","link":"https:\/\/epood.subaruhooldus.ee\/?product=sikpl2","title":{"rendered":"SIKPL2"},"content":{"rendered":"<table>\n<tbody>\n<tr>\n<td>NAZWA<\/td>\n<td colspan=\"3\"><strong>Komplet tulei zawieszenia tylnego<\/strong><\/td>\n<td colspan=\"3\" rowspan=\"3\">&nbsp;<\/td>\n<\/tr>\n<tr>\n<td>KOD DEUTER<\/td>\n<td colspan=\"3\"><strong>SIKPL2<\/strong><\/td>\n<\/tr>\n<tr>\n<td>NR OE<\/td>\n<td colspan=\"3\"><\/td>\n<\/tr>\n<tr>\n<td colspan=\"7\"><\/td>\n<\/tr>\n<tr>\n<td>ELEMENTY ZESTAWU<\/td>\n<td>KOD DEUTER<\/td>\n<td>SZT.<\/td>\n<td>\u00d8 (mm)<\/td>\n<td colspan=\"3\">TWARDO\u015a\u0106 ShA<\/td>\n<\/tr>\n<tr>\n<td>Tuleja wahacza tylnego poprzecznego<\/td>\n<td><strong>P1595<\/strong><\/td>\n<td><strong>8<\/strong><\/td>\n<td><\/td>\n<td><strong>75<\/strong><\/td>\n<td><strong>85<\/strong><\/td>\n<td><strong>90<\/strong><\/td>\n<\/tr>\n<tr>\n<td>Tuleja wahacza tylnego (mocowanie do piasty)<\/td>\n<td><strong>P284<\/strong><\/td>\n<td><strong>2<\/strong><\/td>\n<td><\/td>\n<td><strong>75<\/strong><\/td>\n<td><strong>85<\/strong><\/td>\n<td><strong>90<\/strong><\/td>\n<\/tr>\n<tr>\n<td>Tuleja wahacza tylnego wzd\u0142u\u017cnego<\/td>\n<td><strong>P714<\/strong><\/td>\n<td><strong>2<\/strong><\/td>\n<td><\/td>\n<td><strong>75<\/strong><\/td>\n<td><strong>85<\/strong><\/td>\n<td><strong>90<\/strong><\/td>\n<\/tr>\n<tr>\n<td>Tuleja tylnej belki pomocniczej<\/td>\n<td><strong>P307<\/strong><\/td>\n<td><strong>2<\/strong><\/td>\n<td><\/td>\n<td><strong>75<\/strong><\/td>\n<td><strong>85<\/strong><\/td>\n<td><strong>90<\/strong><\/td>\n<\/tr>\n<tr>\n<td>Tuleja tylnego dyferencja\u0142u<\/td>\n<td><strong>P714<\/strong><\/td>\n<td><strong>2<\/strong><\/td>\n<td><\/td>\n<td><strong>75<\/strong><\/td>\n<td><strong>85<\/strong><\/td>\n<td><strong>90<\/strong><\/td>\n<\/tr>\n<tr>\n<td>SMAR<\/td>\n<td><strong>SS15G<\/strong><\/td>\n<td><strong> 1 <\/strong><\/td>\n<td><\/td>\n<td><\/td>\n<td><\/td>\n<td><\/td>\n<\/tr>\n<tr>\n<td colspan=\"7\"><\/td>\n<\/tr>\n<tr>\n<td>ZASTOSOWANIE<\/td>\n<td colspan=\"6\"><strong>IMPREZA coupe (GFC)<br \/>\nIMPREZA sedan (GC)<br \/>\nIMPREZA kombi (GF)<br \/>\nLEGACY II (BD)<br \/>\nLEGACY II kombi (BG)<br \/>\nLEGACY III (BE)<br \/>\nLEGACY III kombi (BH)<\/strong><\/td>\n<\/tr>\n<\/tbody>\n<\/table>\n","protected":false},"excerpt":{"rendered":"<p>NAZWA Komplet tulei zawieszenia tylnego &nbsp; KOD DEUTER SIKPL2 NR OE ELEMENTY ZESTAWU KOD DEUTER SZT. \u00d8 (mm) TWARDO\u015a\u0106 ShA Tuleja wahacza tylnego poprzecznego P1595 8 75 85 90 Tuleja wahacza tylnego (mocowanie do piasty) P284 2 75 85 90 Tuleja wahacza tylnego wzd\u0142u\u017cnego P714 2 75 85 90 Tuleja tylnej belki pomocniczej P307 2<span class=\"read-more-faq\"><a href=\"https:\/\/epood.subaruhooldus.ee\/?product=sikpl2\">Read More<\/a><\/span><\/p>\n","protected":false},"featured_media":8727,"template":"","meta":{"_monsterinsights_skip_tracking":false,"_monsterinsights_sitenote_active":false,"_monsterinsights_sitenote_note":"","_monsterinsights_sitenote_category":0},"product_brand":[],"product_cat":[269],"product_tag":[278],"class_list":{"0":"post-8723","1":"product","2":"type-product","3":"status-publish","4":"has-post-thumbnail","6":"product_cat-impreza-2000-deuter","7":"product_tag-deuter-impreza","9":"first","10":"instock","11":"taxable","12":"shipping-taxable","13":"product-type-simple"},"aioseo_notices":[],"_links":{"self":[{"href":"https:\/\/epood.subaruhooldus.ee\/index.php?rest_route=\/wp\/v2\/product\/8723","targetHints":{"allow":["GET"]}}],"collection":[{"href":"https:\/\/epood.subaruhooldus.ee\/index.php?rest_route=\/wp\/v2\/product"}],"about":[{"href":"https:\/\/epood.subaruhooldus.ee\/index.php?rest_route=\/wp\/v2\/types\/product"}],"version-history":[{"count":1,"href":"https:\/\/epood.subaruhooldus.ee\/index.php?rest_route=\/wp\/v2\/product\/8723\/revisions"}],"predecessor-version":[{"id":8728,"href":"https:\/\/epood.subaruhooldus.ee\/index.php?rest_route=\/wp\/v2\/product\/8723\/revisions\/8728"}],"wp:featuredmedia":[{"embeddable":true,"href":"https:\/\/epood.subaruhooldus.ee\/index.php?rest_route=\/wp\/v2\/media\/8727"}],"wp:attachment":[{"href":"https:\/\/epood.subaruhooldus.ee\/index.php?rest_route=%2Fwp%2Fv2%2Fmedia&parent=8723"}],"wp:term":[{"taxonomy":"product_brand","embeddable":true,"href":"https:\/\/epood.subaruhooldus.ee\/index.php?rest_route=%2Fwp%2Fv2%2Fproduct_brand&post=8723"},{"taxonomy":"product_cat","embeddable":true,"href":"https:\/\/epood.subaruhooldus.ee\/index.php?rest_route=%2Fwp%2Fv2%2Fproduct_cat&post=8723"},{"taxonomy":"product_tag","embeddable":true,"href":"https:\/\/epood.subaruhooldus.ee\/index.php?rest_route=%2Fwp%2Fv2%2Fproduct_tag&post=8723"}],"curies":[{"name":"wp","href":"https:\/\/api.w.org\/{rel}","templated":true}]}}