{"id":8705,"date":"2020-01-07T09:35:23","date_gmt":"2020-01-07T09:35:23","guid":{"rendered":"https:\/\/epood.subaruhooldus.ee\/?post_type=product&#038;p=8705"},"modified":"2020-01-07T13:08:08","modified_gmt":"2020-01-07T13:08:08","slug":"sikpl3","status":"publish","type":"product","link":"https:\/\/epood.subaruhooldus.ee\/?product=sikpl3","title":{"rendered":"SIKPL3"},"content":{"rendered":"<table>\n<tbody>\n<tr>\n<td>NAZWA<\/td>\n<td colspan=\"3\"><strong>Komplet tulei zawieszenia przedniego<\/strong><\/td>\n<td colspan=\"3\" rowspan=\"3\"><\/td>\n<\/tr>\n<tr>\n<td>KOD DEUTER<\/td>\n<td colspan=\"3\"><strong>SIKPL3<\/strong><\/td>\n<\/tr>\n<tr>\n<td>NR OE<\/td>\n<td colspan=\"3\"><\/td>\n<\/tr>\n<tr>\n<td colspan=\"7\"><\/td>\n<\/tr>\n<tr>\n<td>ELEMENTY ZESTAWU<\/td>\n<td>KOD DEUTER<\/td>\n<td>SZT.<\/td>\n<td>\u00d8 (mm)<\/td>\n<td colspan=\"3\">TWARDO\u015a\u0106 ShA<\/td>\n<\/tr>\n<tr>\n<td>Tuleja wahacza przedniego<br \/>\n&#8211; przednia<\/td>\n<td><strong>P283<\/strong><\/td>\n<td><strong>2<\/strong><\/td>\n<td><\/td>\n<td><strong>75<\/strong><\/td>\n<td><strong>85<\/strong><\/td>\n<td><strong>90<\/strong><\/td>\n<\/tr>\n<tr>\n<td>Tuleja wahacza przedniego<br \/>\n&#8211; tylna<\/td>\n<td><strong>P705<\/strong><\/td>\n<td><strong>2<\/strong><\/td>\n<td><\/td>\n<td><strong>75<\/strong><\/td>\n<td><strong>85<\/strong><\/td>\n<td><strong>90<\/strong><\/td>\n<\/tr>\n<tr>\n<td>SMAR<\/td>\n<td><strong>SS5G<\/strong><\/td>\n<td><strong> 1 <\/strong><\/td>\n<td><\/td>\n<td><\/td>\n<td><\/td>\n<td><\/td>\n<\/tr>\n<tr>\n<td colspan=\"7\"><\/td>\n<\/tr>\n<tr>\n<td>ZASTOSOWANIE<\/td>\n<td colspan=\"6\"><strong>IMPREZA coupe (GFC)<br \/>\nIMPREZA sedan (GC)<br \/>\nIMPREZA kombi (GF)<br \/>\nLEGACY II (BD)<br \/>\nLEGACY II kombi (BG)<br \/>\nLEGACY III (BE)<br \/>\nLEGACY III kombi (BH)<\/strong><\/td>\n<\/tr>\n<\/tbody>\n<\/table>\n","protected":false},"excerpt":{"rendered":"<p>NAZWA Komplet tulei zawieszenia przedniego KOD DEUTER SIKPL3 NR OE ELEMENTY ZESTAWU KOD DEUTER SZT. \u00d8 (mm) TWARDO\u015a\u0106 ShA Tuleja wahacza przedniego &#8211; przednia P283 2 75 85 90 Tuleja wahacza przedniego &#8211; tylna P705 2 75 85 90 SMAR SS5G 1 ZASTOSOWANIE IMPREZA coupe (GFC) IMPREZA sedan (GC) IMPREZA kombi (GF) LEGACY II (BD)<span class=\"read-more-faq\"><a href=\"https:\/\/epood.subaruhooldus.ee\/?product=sikpl3\">Read More<\/a><\/span><\/p>\n","protected":false},"featured_media":8706,"template":"","meta":{"_monsterinsights_skip_tracking":false,"_monsterinsights_sitenote_active":false,"_monsterinsights_sitenote_note":"","_monsterinsights_sitenote_category":0},"product_brand":[],"product_cat":[268,269,282,283],"product_tag":[278,286],"class_list":{"0":"post-8705","1":"product","2":"type-product","3":"status-publish","4":"has-post-thumbnail","6":"product_cat-impreza-1992-2000-deuter","7":"product_cat-impreza-2000-deuter","8":"product_cat-legacy-outback-1994-1999-deuter","9":"product_cat-legacy-outback-1999-2003-deuter","10":"product_tag-deuter-impreza","11":"product_tag-deuter-legacy","13":"first","14":"onbackorder","15":"taxable","16":"shipping-taxable","17":"product-type-simple"},"aioseo_notices":[],"_links":{"self":[{"href":"https:\/\/epood.subaruhooldus.ee\/index.php?rest_route=\/wp\/v2\/product\/8705","targetHints":{"allow":["GET"]}}],"collection":[{"href":"https:\/\/epood.subaruhooldus.ee\/index.php?rest_route=\/wp\/v2\/product"}],"about":[{"href":"https:\/\/epood.subaruhooldus.ee\/index.php?rest_route=\/wp\/v2\/types\/product"}],"version-history":[{"count":2,"href":"https:\/\/epood.subaruhooldus.ee\/index.php?rest_route=\/wp\/v2\/product\/8705\/revisions"}],"predecessor-version":[{"id":8726,"href":"https:\/\/epood.subaruhooldus.ee\/index.php?rest_route=\/wp\/v2\/product\/8705\/revisions\/8726"}],"wp:featuredmedia":[{"embeddable":true,"href":"https:\/\/epood.subaruhooldus.ee\/index.php?rest_route=\/wp\/v2\/media\/8706"}],"wp:attachment":[{"href":"https:\/\/epood.subaruhooldus.ee\/index.php?rest_route=%2Fwp%2Fv2%2Fmedia&parent=8705"}],"wp:term":[{"taxonomy":"product_brand","embeddable":true,"href":"https:\/\/epood.subaruhooldus.ee\/index.php?rest_route=%2Fwp%2Fv2%2Fproduct_brand&post=8705"},{"taxonomy":"product_cat","embeddable":true,"href":"https:\/\/epood.subaruhooldus.ee\/index.php?rest_route=%2Fwp%2Fv2%2Fproduct_cat&post=8705"},{"taxonomy":"product_tag","embeddable":true,"href":"https:\/\/epood.subaruhooldus.ee\/index.php?rest_route=%2Fwp%2Fv2%2Fproduct_tag&post=8705"}],"curies":[{"name":"wp","href":"https:\/\/api.w.org\/{rel}","templated":true}]}}