{"id":7995,"date":"2019-12-28T17:56:53","date_gmt":"2019-12-28T17:56:53","guid":{"rendered":"https:\/\/epood.subaruhooldus.ee\/?post_type=product&#038;p=7995"},"modified":"2020-01-07T12:25:13","modified_gmt":"2020-01-07T12:25:13","slug":"kpl785","status":"publish","type":"product","link":"https:\/\/epood.subaruhooldus.ee\/?product=kpl785","title":{"rendered":"KPL785"},"content":{"rendered":"<div><b>SUBARU<\/b><\/div>\n<div><\/div>\n<div>\n<p><b>\u00a0<\/b><b>W sk\u0142ad sprzeda\u017cy wchodzi:<\/b><\/p>\n<p>&nbsp;<\/p>\n<\/div>\n<div><b>2 x 785A lub 785B &#8211; tuleja stabilizatora przedniego &#8211; 75 ShA \/ 85 ShA<\/b><\/div>\n<div><b>\u00a0<\/b><\/div>\n<div><b>1 x &#8211; smar silikonowy do monta\u017cu<\/b><\/div>\n<div><b>UWAGA!<br \/>\nW TYM PRZYPADKU SUBARU STOSOWA\u0141O TRZY RODZAJE TULEI, PRZED DOKONANIEM ZAKUPU PROSIMY O SPRAWDZENIE KSZTA\u0141TU ORYGINALNEJ TULEI<br \/>\n<\/b><b>(JEDYNYM SPOSOBEM JEST ZDEMONTOWANIE I POR\u00d3WNANIE Z ORYGINALN\u0104 TULEJ\u0104)<\/b><b><b><br \/>\nOZNACZENIA:<br \/>\n785A,\u00a0785B<br \/>\noraz<br \/>\nPUR111\u00a0&#8211;\u00a0<a href=\"http:\/\/poliuretany.olkusz.pl\/pl\/tuleje-drazka-stabilizatora-przedniego-subaru-2szt.html\" target=\"_blank\" rel=\"noopener noreferrer\">http:\/\/poliuretany.olkusz.pl\/pl\/tuleje-drazka-stabilizatora-przedniego-subaru-2szt.html<\/a><\/b><\/b><\/div>\n<div><\/div>\n<div>Zastosowanie:<\/div>\n<div>FORESTER (SF)<\/div>\n<div>2.0, 2.0, 2.0 S Turbo, 2.0 S Turbo,<\/div>\n<div>IMPREZA coupe (GFC)<\/div>\n<div>1.6, 1.6 4WD, 2.0 4WD, 2.0 Turbo 4WD,<\/div>\n<div>IMPREZA sedan (GC)<\/div>\n<div>1.6 i,1.6 i 4WD, 1.6 i, 1.6 i 4WD,, 1.8 i 4WD, 2.0 i 4WD, 2.0 i 4WD, 2.0 Turbo GT 4WD, 2.0 Turbo GT 4WD,<\/div>\n<div>IMPREZA kombi (GF)<\/div>\n<div>1.6 i 4WD, 1.6 i, 1.6 i 4WD, 1.8 i,, 1.8 i 4WD, 2.0 i 4WD, 2.0 i 16V AWD 2.0 i Turbo 4WD, 2.0 Turbo GT 4WD<\/div>\n<div>LEGACY I (BC)<\/div>\n<div>1800, 1800 4WD, 2000 4WD, 2000 Turbo 4WD, 2200 4WD, LEGACY I kombi (BC, BJF), 1800, 1800 4WD, 2000, 2000 4WD, 2000 Turbo Super 4WD, 2200 Super 4WD<\/div>\n","protected":false},"excerpt":{"rendered":"<p>SUBARU \u00a0W sk\u0142ad sprzeda\u017cy wchodzi: &nbsp; 2 x 785A lub 785B &#8211; tuleja stabilizatora przedniego &#8211; 75 ShA \/ 85 ShA \u00a0 1 x &#8211; smar silikonowy do monta\u017cu UWAGA! W TYM PRZYPADKU SUBARU STOSOWA\u0141O TRZY RODZAJE TULEI, PRZED DOKONANIEM ZAKUPU PROSIMY O SPRAWDZENIE KSZTA\u0141TU ORYGINALNEJ TULEI (JEDYNYM SPOSOBEM JEST ZDEMONTOWANIE I POR\u00d3WNANIE Z ORYGINALN\u0104<span class=\"read-more-faq\"><a href=\"https:\/\/epood.subaruhooldus.ee\/?product=kpl785\">Read More<\/a><\/span><\/p>\n","protected":false},"featured_media":7996,"template":"","meta":{"_monsterinsights_skip_tracking":false,"_monsterinsights_sitenote_active":false,"_monsterinsights_sitenote_note":"","_monsterinsights_sitenote_category":0},"product_brand":[],"product_cat":[267,268,281],"product_tag":[265,278,286],"class_list":{"0":"post-7995","1":"product","2":"type-product","3":"status-publish","4":"has-post-thumbnail","6":"product_cat-forester-1997-2002-deuter","7":"product_cat-impreza-1992-2000-deuter","8":"product_cat-legacy-1989-1994-deuter","9":"product_tag-deuter-forester","10":"product_tag-deuter-impreza","11":"product_tag-deuter-legacy","13":"first","14":"onbackorder","15":"taxable","16":"shipping-taxable","17":"product-type-simple"},"aioseo_notices":[],"_links":{"self":[{"href":"https:\/\/epood.subaruhooldus.ee\/index.php?rest_route=\/wp\/v2\/product\/7995","targetHints":{"allow":["GET"]}}],"collection":[{"href":"https:\/\/epood.subaruhooldus.ee\/index.php?rest_route=\/wp\/v2\/product"}],"about":[{"href":"https:\/\/epood.subaruhooldus.ee\/index.php?rest_route=\/wp\/v2\/types\/product"}],"version-history":[{"count":3,"href":"https:\/\/epood.subaruhooldus.ee\/index.php?rest_route=\/wp\/v2\/product\/7995\/revisions"}],"predecessor-version":[{"id":8748,"href":"https:\/\/epood.subaruhooldus.ee\/index.php?rest_route=\/wp\/v2\/product\/7995\/revisions\/8748"}],"wp:featuredmedia":[{"embeddable":true,"href":"https:\/\/epood.subaruhooldus.ee\/index.php?rest_route=\/wp\/v2\/media\/7996"}],"wp:attachment":[{"href":"https:\/\/epood.subaruhooldus.ee\/index.php?rest_route=%2Fwp%2Fv2%2Fmedia&parent=7995"}],"wp:term":[{"taxonomy":"product_brand","embeddable":true,"href":"https:\/\/epood.subaruhooldus.ee\/index.php?rest_route=%2Fwp%2Fv2%2Fproduct_brand&post=7995"},{"taxonomy":"product_cat","embeddable":true,"href":"https:\/\/epood.subaruhooldus.ee\/index.php?rest_route=%2Fwp%2Fv2%2Fproduct_cat&post=7995"},{"taxonomy":"product_tag","embeddable":true,"href":"https:\/\/epood.subaruhooldus.ee\/index.php?rest_route=%2Fwp%2Fv2%2Fproduct_tag&post=7995"}],"curies":[{"name":"wp","href":"https:\/\/api.w.org\/{rel}","templated":true}]}}