{"id":7990,"date":"2019-12-28T17:54:45","date_gmt":"2019-12-28T17:54:45","guid":{"rendered":"https:\/\/epood.subaruhooldus.ee\/?post_type=product&#038;p=7990"},"modified":"2020-01-07T13:09:09","modified_gmt":"2020-01-07T13:09:09","slug":"kplp442-441","status":"publish","type":"product","link":"https:\/\/epood.subaruhooldus.ee\/?product=kplp442-441","title":{"rendered":"KPLP442\/441"},"content":{"rendered":"<p><strong>Subaru Impreza\/ Legacy\/ Forester \u00a0<\/strong><\/p>\n<p><strong>Wersja Qdure-flex\u00a0<\/strong><\/p>\n<div><strong><strong> W sk\u0142ad zestawu wchodz\u0105:<br \/>\nTuleje \u0142\u0105cznika stabilizatora przedniego \/2szt.\/<br \/>\n(kpl. na jeden \u0142\u0105cznik)<\/strong><\/strong><\/div>\n<div><em>Pasuj\u0105 do nast\u0119puj\u0105cych modeli samochod\u00f3w :<br \/>\n<strong>Subaru <\/strong><br \/>\nForester S10, r.97&gt;02<br \/>\nImpreza Turbo, WRX &amp; STI GC,GF 93-00<br \/>\nImpreza Turbo, WRX &amp; STI GD,GG 00-07<br \/>\nLegacy BD, BG 93-99<br \/>\nLegacy BE, BH 98-04<\/em><\/div>\n","protected":false},"excerpt":{"rendered":"<p>Subaru Impreza\/ Legacy\/ Forester \u00a0 Wersja Qdure-flex\u00a0 W sk\u0142ad zestawu wchodz\u0105: Tuleje \u0142\u0105cznika stabilizatora przedniego \/2szt.\/ (kpl. na jeden \u0142\u0105cznik) Pasuj\u0105 do nast\u0119puj\u0105cych modeli samochod\u00f3w : Subaru Forester S10, r.97&gt;02 Impreza Turbo, WRX &amp; STI GC,GF 93-00 Impreza Turbo, WRX &amp; STI GD,GG 00-07 Legacy BD, BG 93-99 Legacy BE, BH 98-04<\/p>\n","protected":false},"featured_media":7991,"template":"","meta":{"_monsterinsights_skip_tracking":false,"_monsterinsights_sitenote_active":false,"_monsterinsights_sitenote_note":"","_monsterinsights_sitenote_category":0},"product_brand":[],"product_cat":[267,268,269,282,283],"product_tag":[265,278,286],"class_list":{"0":"post-7990","1":"product","2":"type-product","3":"status-publish","4":"has-post-thumbnail","6":"product_cat-forester-1997-2002-deuter","7":"product_cat-impreza-1992-2000-deuter","8":"product_cat-impreza-2000-deuter","9":"product_cat-legacy-outback-1994-1999-deuter","10":"product_cat-legacy-outback-1999-2003-deuter","11":"product_tag-deuter-forester","12":"product_tag-deuter-impreza","13":"product_tag-deuter-legacy","15":"first","16":"onbackorder","17":"taxable","18":"shipping-taxable","19":"purchasable","20":"product-type-simple"},"aioseo_notices":[],"_links":{"self":[{"href":"https:\/\/epood.subaruhooldus.ee\/index.php?rest_route=\/wp\/v2\/product\/7990","targetHints":{"allow":["GET"]}}],"collection":[{"href":"https:\/\/epood.subaruhooldus.ee\/index.php?rest_route=\/wp\/v2\/product"}],"about":[{"href":"https:\/\/epood.subaruhooldus.ee\/index.php?rest_route=\/wp\/v2\/types\/product"}],"version-history":[{"count":3,"href":"https:\/\/epood.subaruhooldus.ee\/index.php?rest_route=\/wp\/v2\/product\/7990\/revisions"}],"predecessor-version":[{"id":8729,"href":"https:\/\/epood.subaruhooldus.ee\/index.php?rest_route=\/wp\/v2\/product\/7990\/revisions\/8729"}],"wp:featuredmedia":[{"embeddable":true,"href":"https:\/\/epood.subaruhooldus.ee\/index.php?rest_route=\/wp\/v2\/media\/7991"}],"wp:attachment":[{"href":"https:\/\/epood.subaruhooldus.ee\/index.php?rest_route=%2Fwp%2Fv2%2Fmedia&parent=7990"}],"wp:term":[{"taxonomy":"product_brand","embeddable":true,"href":"https:\/\/epood.subaruhooldus.ee\/index.php?rest_route=%2Fwp%2Fv2%2Fproduct_brand&post=7990"},{"taxonomy":"product_cat","embeddable":true,"href":"https:\/\/epood.subaruhooldus.ee\/index.php?rest_route=%2Fwp%2Fv2%2Fproduct_cat&post=7990"},{"taxonomy":"product_tag","embeddable":true,"href":"https:\/\/epood.subaruhooldus.ee\/index.php?rest_route=%2Fwp%2Fv2%2Fproduct_tag&post=7990"}],"curies":[{"name":"wp","href":"https:\/\/api.w.org\/{rel}","templated":true}]}}