{"id":7977,"date":"2019-12-28T17:48:05","date_gmt":"2019-12-28T17:48:05","guid":{"rendered":"https:\/\/epood.subaruhooldus.ee\/?post_type=product&#038;p=7977"},"modified":"2019-12-28T17:48:05","modified_gmt":"2019-12-28T17:48:05","slug":"sikpl3f1","status":"publish","type":"product","link":"https:\/\/epood.subaruhooldus.ee\/?product=sikpl3f1","title":{"rendered":"SIKPL3F1"},"content":{"rendered":"<table>\n<tbody>\n<tr>\n<td>NAZWA<\/td>\n<td colspan=\"3\"><strong>Komplet tulei zawieszenia przedniego<\/strong><\/td>\n<td colspan=\"3\" rowspan=\"3\">&nbsp;<\/td>\n<\/tr>\n<tr>\n<td>KOD DEUTER<\/td>\n<td colspan=\"3\"><strong>SIKPL3F1<\/strong><\/td>\n<\/tr>\n<tr>\n<td>NR OE<\/td>\n<td colspan=\"3\"><\/td>\n<\/tr>\n<tr>\n<td colspan=\"7\"><\/td>\n<\/tr>\n<tr>\n<td>ELEMENTY ZESTAWU<\/td>\n<td>KOD DEUTER<\/td>\n<td>SZT.<\/td>\n<td>\u00d8 (mm)<\/td>\n<td colspan=\"3\">TWARDO\u015a\u0106 ShA<\/td>\n<\/tr>\n<tr>\n<td>Tuleja wahacza przedniego<br \/>\n&#8211; przednia<\/td>\n<td><strong>P283<\/strong><\/td>\n<td><strong>2<\/strong><\/td>\n<td><\/td>\n<td><strong>75<\/strong><\/td>\n<td><strong>85<\/strong><\/td>\n<td><strong>90<\/strong><\/td>\n<\/tr>\n<tr>\n<td>Tuleja wahacza przedniego<br \/>\n&#8211; tylna<\/td>\n<td><strong>P705<\/strong><\/td>\n<td><strong>2<\/strong><\/td>\n<td><\/td>\n<td><strong>75<\/strong><\/td>\n<td><strong>85<\/strong><\/td>\n<td><strong>90<\/strong><\/td>\n<\/tr>\n<tr>\n<td>SMAR<\/td>\n<td><strong>SS5G<\/strong><\/td>\n<td><strong> 1 <\/strong><\/td>\n<td><\/td>\n<td><\/td>\n<td><\/td>\n<td><\/td>\n<\/tr>\n<tr>\n<td colspan=\"7\"><\/td>\n<\/tr>\n<tr>\n<td>ZASTOSOWANIE<\/td>\n<td colspan=\"6\"><strong>FORESTER (SF_)<\/strong><\/td>\n<\/tr>\n<\/tbody>\n<\/table>\n","protected":false},"excerpt":{"rendered":"<p>NAZWA Komplet tulei zawieszenia przedniego &nbsp; KOD DEUTER SIKPL3F1 NR OE ELEMENTY ZESTAWU KOD DEUTER SZT. \u00d8 (mm) TWARDO\u015a\u0106 ShA Tuleja wahacza przedniego &#8211; przednia P283 2 75 85 90 Tuleja wahacza przedniego &#8211; tylna P705 2 75 85 90 SMAR SS5G 1 ZASTOSOWANIE FORESTER (SF_)<\/p>\n","protected":false},"featured_media":7978,"template":"","meta":{"_monsterinsights_skip_tracking":false,"_monsterinsights_sitenote_active":false,"_monsterinsights_sitenote_note":"","_monsterinsights_sitenote_category":0},"product_brand":[],"product_cat":[267],"product_tag":[265],"class_list":{"0":"post-7977","1":"product","2":"type-product","3":"status-publish","4":"has-post-thumbnail","6":"product_cat-forester-1997-2002-deuter","7":"product_tag-deuter-forester","9":"first","10":"onbackorder","11":"taxable","12":"shipping-taxable","13":"product-type-simple"},"aioseo_notices":[],"_links":{"self":[{"href":"https:\/\/epood.subaruhooldus.ee\/index.php?rest_route=\/wp\/v2\/product\/7977","targetHints":{"allow":["GET"]}}],"collection":[{"href":"https:\/\/epood.subaruhooldus.ee\/index.php?rest_route=\/wp\/v2\/product"}],"about":[{"href":"https:\/\/epood.subaruhooldus.ee\/index.php?rest_route=\/wp\/v2\/types\/product"}],"version-history":[{"count":1,"href":"https:\/\/epood.subaruhooldus.ee\/index.php?rest_route=\/wp\/v2\/product\/7977\/revisions"}],"predecessor-version":[{"id":7979,"href":"https:\/\/epood.subaruhooldus.ee\/index.php?rest_route=\/wp\/v2\/product\/7977\/revisions\/7979"}],"wp:featuredmedia":[{"embeddable":true,"href":"https:\/\/epood.subaruhooldus.ee\/index.php?rest_route=\/wp\/v2\/media\/7978"}],"wp:attachment":[{"href":"https:\/\/epood.subaruhooldus.ee\/index.php?rest_route=%2Fwp%2Fv2%2Fmedia&parent=7977"}],"wp:term":[{"taxonomy":"product_brand","embeddable":true,"href":"https:\/\/epood.subaruhooldus.ee\/index.php?rest_route=%2Fwp%2Fv2%2Fproduct_brand&post=7977"},{"taxonomy":"product_cat","embeddable":true,"href":"https:\/\/epood.subaruhooldus.ee\/index.php?rest_route=%2Fwp%2Fv2%2Fproduct_cat&post=7977"},{"taxonomy":"product_tag","embeddable":true,"href":"https:\/\/epood.subaruhooldus.ee\/index.php?rest_route=%2Fwp%2Fv2%2Fproduct_tag&post=7977"}],"curies":[{"name":"wp","href":"https:\/\/api.w.org\/{rel}","templated":true}]}}