{"id":7964,"date":"2019-12-28T17:40:42","date_gmt":"2019-12-28T17:40:42","guid":{"rendered":"https:\/\/epood.subaruhooldus.ee\/?post_type=product&#038;p=7964"},"modified":"2020-01-07T13:09:31","modified_gmt":"2020-01-07T13:09:31","slug":"kpl616-617","status":"publish","type":"product","link":"https:\/\/epood.subaruhooldus.ee\/?product=kpl616-617","title":{"rendered":"KPL616\/617"},"content":{"rendered":"<table>\n<tbody>\n<tr>\n<td>NAZWA<\/td>\n<td colspan=\"3\">Tuleje przek\u0142adni kierowniczej<\/td>\n<td colspan=\"3\" rowspan=\"3\"><\/td>\n<\/tr>\n<tr>\n<td>KOD DEUTER<\/td>\n<td colspan=\"3\"><strong>KPL616\/617<\/strong><\/td>\n<\/tr>\n<tr>\n<td>\u00a0NR OE<\/td>\n<td colspan=\"3\"><\/td>\n<\/tr>\n<tr>\n<td colspan=\"7\"><\/td>\n<\/tr>\n<tr>\n<td>ELEMENTY ZESTAWU<\/td>\n<td>KOD DEUTER<\/td>\n<td>SZT.<\/td>\n<td>\u00d8\u00a0(mm)<\/td>\n<td colspan=\"3\">TWARDO\u015a\u0106 ShA<\/td>\n<\/tr>\n<tr>\n<td>Tuleja przek\u0142adni kierowniczej<\/td>\n<td><strong>616<\/strong><\/td>\n<td><strong>1<\/strong><\/td>\n<td><\/td>\n<td><\/td>\n<td><\/td>\n<td>90<\/td>\n<\/tr>\n<tr>\n<td>Tuleja przek\u0142adni kierowniczej<\/td>\n<td><strong>617<\/strong><\/td>\n<td><strong>1<\/strong><\/td>\n<td><\/td>\n<td><\/td>\n<td><strong>\u00a0<\/strong><\/td>\n<td>90<\/td>\n<\/tr>\n<tr>\n<td>SMAR<\/td>\n<td><strong>SS1G<\/strong><\/td>\n<td><strong>\u00a01\u00a0<\/strong><\/td>\n<td><\/td>\n<td><\/td>\n<td><\/td>\n<td><\/td>\n<\/tr>\n<tr>\n<td colspan=\"7\"><\/td>\n<\/tr>\n<tr>\n<td>ZASTOSOWANIE<\/td>\n<td colspan=\"6\">Subaru : Forester SF 98-02 (8\/97-8\/02) Forester SG 03-08 (9\/02-8\/08) Impreza GD1 Sedan, GH1 Wagon 01-02 \/ WRX &amp; STi (10\/00-9\/02) Impreza GD2 Sedan, GH2 Wagon 03-07 \/ WRX &amp; STi (9\/02-8\/07) Legacy (Liberty) BC Sedan, BF Wagon (10\/89-5\/94) Legacy (Liberty) BD Sedan, BG Wagon 94-98 (6\/94-8\/98) Legacy (Liberty) BE Sedan, BH Wagon 99-03 (9\/98-8\/03) Outback BD, BG 97-98 (7\/96-8\/98) Outback BE, BH 99-03 (10\/98-8\/03)<\/td>\n<\/tr>\n<\/tbody>\n<\/table>\n","protected":false},"excerpt":{"rendered":"<p>NAZWA Tuleje przek\u0142adni kierowniczej KOD DEUTER KPL616\/617 \u00a0NR OE ELEMENTY ZESTAWU KOD DEUTER SZT. \u00d8\u00a0(mm) TWARDO\u015a\u0106 ShA Tuleja przek\u0142adni kierowniczej 616 1 90 Tuleja przek\u0142adni kierowniczej 617 1 \u00a0 90 SMAR SS1G \u00a01\u00a0 ZASTOSOWANIE Subaru : Forester SF 98-02 (8\/97-8\/02) Forester SG 03-08 (9\/02-8\/08) Impreza GD1 Sedan, GH1 Wagon 01-02 \/ WRX &amp; STi (10\/00-9\/02)<span class=\"read-more-faq\"><a href=\"https:\/\/epood.subaruhooldus.ee\/?product=kpl616-617\">Read More<\/a><\/span><\/p>\n","protected":false},"featured_media":7965,"template":"","meta":{"_monsterinsights_skip_tracking":false,"_monsterinsights_sitenote_active":false,"_monsterinsights_sitenote_note":"","_monsterinsights_sitenote_category":0},"product_brand":[],"product_cat":[267,266,269,282,283],"product_tag":[265,278,286],"class_list":{"0":"post-7964","1":"product","2":"type-product","3":"status-publish","4":"has-post-thumbnail","6":"product_cat-forester-1997-2002-deuter","7":"product_cat-forester-2002-2012-deuter","8":"product_cat-impreza-2000-deuter","9":"product_cat-legacy-outback-1994-1999-deuter","10":"product_cat-legacy-outback-1999-2003-deuter","11":"product_tag-deuter-forester","12":"product_tag-deuter-impreza","13":"product_tag-deuter-legacy","15":"first","16":"onbackorder","17":"taxable","18":"shipping-taxable","19":"product-type-simple"},"aioseo_notices":[],"_links":{"self":[{"href":"https:\/\/epood.subaruhooldus.ee\/index.php?rest_route=\/wp\/v2\/product\/7964","targetHints":{"allow":["GET"]}}],"collection":[{"href":"https:\/\/epood.subaruhooldus.ee\/index.php?rest_route=\/wp\/v2\/product"}],"about":[{"href":"https:\/\/epood.subaruhooldus.ee\/index.php?rest_route=\/wp\/v2\/types\/product"}],"version-history":[{"count":2,"href":"https:\/\/epood.subaruhooldus.ee\/index.php?rest_route=\/wp\/v2\/product\/7964\/revisions"}],"predecessor-version":[{"id":7994,"href":"https:\/\/epood.subaruhooldus.ee\/index.php?rest_route=\/wp\/v2\/product\/7964\/revisions\/7994"}],"wp:featuredmedia":[{"embeddable":true,"href":"https:\/\/epood.subaruhooldus.ee\/index.php?rest_route=\/wp\/v2\/media\/7965"}],"wp:attachment":[{"href":"https:\/\/epood.subaruhooldus.ee\/index.php?rest_route=%2Fwp%2Fv2%2Fmedia&parent=7964"}],"wp:term":[{"taxonomy":"product_brand","embeddable":true,"href":"https:\/\/epood.subaruhooldus.ee\/index.php?rest_route=%2Fwp%2Fv2%2Fproduct_brand&post=7964"},{"taxonomy":"product_cat","embeddable":true,"href":"https:\/\/epood.subaruhooldus.ee\/index.php?rest_route=%2Fwp%2Fv2%2Fproduct_cat&post=7964"},{"taxonomy":"product_tag","embeddable":true,"href":"https:\/\/epood.subaruhooldus.ee\/index.php?rest_route=%2Fwp%2Fv2%2Fproduct_tag&post=7964"}],"curies":[{"name":"wp","href":"https:\/\/api.w.org\/{rel}","templated":true}]}}