{"id":7936,"date":"2019-12-28T17:24:15","date_gmt":"2019-12-28T17:24:15","guid":{"rendered":"https:\/\/epood.subaruhooldus.ee\/?post_type=product&#038;p=7936"},"modified":"2019-12-28T17:24:15","modified_gmt":"2019-12-28T17:24:15","slug":"pssfshkpl1","status":"publish","type":"product","link":"https:\/\/epood.subaruhooldus.ee\/?product=pssfshkpl1","title":{"rendered":"PSSFSHKPL1"},"content":{"rendered":"<p><strong>2\u00a0x\u00a0PSSFSH1- podk\u0142adka spr\u0119\u017cyny przednej\u00a0&#8211; h=30mm &#8211; 90\u00a0ShA<br \/>\n<\/strong><\/p>\n<p><strong>2\u00a0x\u00a0PSSFSH2\u00a0&#8211; podk\u0142adka spr\u0119\u017cyny tylnej\u00a0&#8211;\u00a0h=30mm\u00a0&#8211; 90\u00a0ShA<\/strong><\/p>\n","protected":false},"excerpt":{"rendered":"<p>2\u00a0x\u00a0PSSFSH1- podk\u0142adka spr\u0119\u017cyny przednej\u00a0&#8211; h=30mm &#8211; 90\u00a0ShA 2\u00a0x\u00a0PSSFSH2\u00a0&#8211; podk\u0142adka spr\u0119\u017cyny tylnej\u00a0&#8211;\u00a0h=30mm\u00a0&#8211; 90\u00a0ShA<\/p>\n","protected":false},"featured_media":7937,"template":"","meta":{"_monsterinsights_skip_tracking":false,"_monsterinsights_sitenote_active":false,"_monsterinsights_sitenote_note":"","_monsterinsights_sitenote_category":0},"product_brand":[],"product_cat":[264],"product_tag":[265],"class_list":{"0":"post-7936","1":"product","2":"type-product","3":"status-publish","4":"has-post-thumbnail","6":"product_cat-forester-2008-deuter","7":"product_tag-deuter-forester","9":"first","10":"onbackorder","11":"taxable","12":"shipping-taxable","13":"product-type-simple"},"aioseo_notices":[],"_links":{"self":[{"href":"https:\/\/epood.subaruhooldus.ee\/index.php?rest_route=\/wp\/v2\/product\/7936","targetHints":{"allow":["GET"]}}],"collection":[{"href":"https:\/\/epood.subaruhooldus.ee\/index.php?rest_route=\/wp\/v2\/product"}],"about":[{"href":"https:\/\/epood.subaruhooldus.ee\/index.php?rest_route=\/wp\/v2\/types\/product"}],"version-history":[{"count":1,"href":"https:\/\/epood.subaruhooldus.ee\/index.php?rest_route=\/wp\/v2\/product\/7936\/revisions"}],"predecessor-version":[{"id":7938,"href":"https:\/\/epood.subaruhooldus.ee\/index.php?rest_route=\/wp\/v2\/product\/7936\/revisions\/7938"}],"wp:featuredmedia":[{"embeddable":true,"href":"https:\/\/epood.subaruhooldus.ee\/index.php?rest_route=\/wp\/v2\/media\/7937"}],"wp:attachment":[{"href":"https:\/\/epood.subaruhooldus.ee\/index.php?rest_route=%2Fwp%2Fv2%2Fmedia&parent=7936"}],"wp:term":[{"taxonomy":"product_brand","embeddable":true,"href":"https:\/\/epood.subaruhooldus.ee\/index.php?rest_route=%2Fwp%2Fv2%2Fproduct_brand&post=7936"},{"taxonomy":"product_cat","embeddable":true,"href":"https:\/\/epood.subaruhooldus.ee\/index.php?rest_route=%2Fwp%2Fv2%2Fproduct_cat&post=7936"},{"taxonomy":"product_tag","embeddable":true,"href":"https:\/\/epood.subaruhooldus.ee\/index.php?rest_route=%2Fwp%2Fv2%2Fproduct_tag&post=7936"}],"curies":[{"name":"wp","href":"https:\/\/api.w.org\/{rel}","templated":true}]}}