{"id":18,"date":"2019-10-29T11:43:54","date_gmt":"2019-10-29T11:43:54","guid":{"rendered":"https:\/\/epood.subaruhooldus.ee\/?page_id=18"},"modified":"2025-07-14T11:30:30","modified_gmt":"2025-07-14T08:30:30","slug":"14-paevane-taganemisoigus-kauba-tagastamine","status":"publish","type":"page","link":"https:\/\/epood.subaruhooldus.ee\/?page_id=18","title":{"rendered":"14-p\u00e4evane taganemis\u00f5igus &#038; kauba tagastamine"},"content":{"rendered":"\n<p>\nLisainfo: <a href=\"https:\/\/www.ttja.ee\/et\/tarbijale\/lepingud-ja-lepingust-taganemine\">https:\/\/www.ttja.ee\/et\/tarbijale\/lepingud-ja-lepingust-taganemine<\/a><\/p>\n\n\n\n<p>Kauba tagastamisega kaasnevad kulud kannab klient\/tarbija.<br>14 p\u00e4evane taganemis\u00f5igus kehtib uuele, kasutamata, puudusteta kaubale. <br><strong>14 p\u00e4evane taganemis\u00f5igus ei kehti originaal varuosadele!<\/strong> <\/p>\n\n\n\n<p>Tagastatav kaup peab olema terve, puhas ja peab olema s\u00e4ilinud uue v\u00e4limus ning kaup ei tohi olla kasutatud! Tagastamisel peab olema toode originaal pakendis ja pakend peab olema terve, puhas ja korralik! Kauba tagastamisel, pakkimisel, palume kasutada minimaalselt VAID l\u00e4bipaistvat pakketeipi! <\/p>\n\n\n\n<p>Defektiga\/puudusega tootele ei kehti 14 p\u00e4evane taganemis\u00f5igus vaid kaup liigitub puudusega toote alla ja saadetakse tarnijale, kes saadab kauba garantiisse, mille jaoks kliendilt ehk tarbijalt k\u00fcsitakse t\u00e4iendavat infot paigalduse, demonteerimise ning vea\/puuduse kohta, lisaks ka kuup\u00e4evad ning l\u00e4bis\u00f5idud paigaldusel ja demonteerimisel.<br><a href=\"http:\/\/epood.subaruhooldus.ee\/garantii\/\">http:\/\/epood.subaruhooldus.ee\/garantii\/<\/a><\/p>\n\n\n\n<p>Mittesobiva kauba korral kehtib 14 p\u00e4evane taganemis\u00f5igus. <br>Peale 14 p\u00e4eva tagastamine s\u00f5ltub konkreetse kauba tarnijast. <br>Kui kauba ostu kuup\u00e4evast on m\u00f6\u00f6das \u00fcle \u00fche kuu, tagastatakse tasutud summast osaline summa (60-80%) v\u00f5i kaupa tagasi ei osteta.<br>Tagastused vaatavad tarnijad \u00fcle ca. n\u00e4dala jooksul, misj\u00e4rel positiivse vastuse korral tagastatakse kliendi arveldusarvele tagastatud kauba eest tasutud summa\/osaline summa.<\/p>\n\n\n\n<p><\/p>\n","protected":false},"excerpt":{"rendered":"<p>Lisainfo: https:\/\/www.ttja.ee\/et\/tarbijale\/lepingud-ja-lepingust-taganemine Kauba tagastamisega kaasnevad kulud kannab klient\/tarbija.14 p\u00e4evane taganemis\u00f5igus kehtib uuele, kasutamata, puudusteta kaubale. 14 p\u00e4evane taganemis\u00f5igus ei kehti originaal varuosadele! Tagastatav kaup peab olema terve, puhas ja peab olema s\u00e4ilinud uue v\u00e4limus ning kaup ei tohi olla kasutatud! Tagastamisel peab olema toode originaal pakendis ja pakend peab olema terve, puhas ja korralik! Kauba<span class=\"read-more-faq\"><a href=\"https:\/\/epood.subaruhooldus.ee\/?page_id=18\">Read More<\/a><\/span><\/p>\n","protected":false},"author":1,"featured_media":0,"parent":0,"menu_order":5,"comment_status":"closed","ping_status":"closed","template":"","meta":{"_monsterinsights_skip_tracking":false,"_monsterinsights_sitenote_active":false,"_monsterinsights_sitenote_note":"","_monsterinsights_sitenote_category":0,"footnotes":""},"class_list":["post-18","page","type-page","status-publish","hentry"],"aioseo_notices":[],"_links":{"self":[{"href":"https:\/\/epood.subaruhooldus.ee\/index.php?rest_route=\/wp\/v2\/pages\/18","targetHints":{"allow":["GET"]}}],"collection":[{"href":"https:\/\/epood.subaruhooldus.ee\/index.php?rest_route=\/wp\/v2\/pages"}],"about":[{"href":"https:\/\/epood.subaruhooldus.ee\/index.php?rest_route=\/wp\/v2\/types\/page"}],"author":[{"embeddable":true,"href":"https:\/\/epood.subaruhooldus.ee\/index.php?rest_route=\/wp\/v2\/users\/1"}],"replies":[{"embeddable":true,"href":"https:\/\/epood.subaruhooldus.ee\/index.php?rest_route=%2Fwp%2Fv2%2Fcomments&post=18"}],"version-history":[{"count":3,"href":"https:\/\/epood.subaruhooldus.ee\/index.php?rest_route=\/wp\/v2\/pages\/18\/revisions"}],"predecessor-version":[{"id":13487,"href":"https:\/\/epood.subaruhooldus.ee\/index.php?rest_route=\/wp\/v2\/pages\/18\/revisions\/13487"}],"wp:attachment":[{"href":"https:\/\/epood.subaruhooldus.ee\/index.php?rest_route=%2Fwp%2Fv2%2Fmedia&parent=18"}],"curies":[{"name":"wp","href":"https:\/\/api.w.org\/{rel}","templated":true}]}}