{"id":12,"date":"2019-10-29T11:38:36","date_gmt":"2019-10-29T11:38:36","guid":{"rendered":"https:\/\/epood.subaruhooldus.ee\/?page_id=12"},"modified":"2019-10-29T12:07:51","modified_gmt":"2019-10-29T12:07:51","slug":"mida-pakume","status":"publish","type":"page","link":"https:\/\/epood.subaruhooldus.ee\/?page_id=12","title":{"rendered":"Mida pakume"},"content":{"rendered":"\n<p>Subaru24 on klientidele kes otsivad Subaru originaalvaruosi soodsalt.<br>Meil\n on mitmeid tarnijaid, t\u00e4nu kellele saame Teile pakkuda nii originaal \nkui ka B varuosi. Lisaks varuosadele saame pakkuda ka tuning- ja \nperformance osi.<br>Lisaks pakume ka erinevaid mootori- ja teisi \u00f5lisid konkurentsiv\u00f5imelise hinnaga. Subarutes soovitame kasutada Motul \u00f5lisid.<\/p>\n\n\n\n<p><br>Epoodi\n ei ole lisatud k\u00f5iki Subaru originaalvaruosi. K\u00f5ige kindlam on Teil \nmeile saata e-mail Teid huvitavate toodete orig. tootekoodidega ning \nteeme Teile hinnapakkumise.<br>Kui Te ei tea originaal tootekoode, ei \nole sellest probleemi &#8211; kirjutage meile s\u00f5iduki VIN kood ning teeme \nTeile hinnapakkumise soovitud osadele. <br><br>Kaupa saame saata nii pakiautomaadi, kui ka kulleriga. Saadame ka kaupa Eestist v\u00e4lja teistesse riikidesse!<\/p>\n","protected":false},"excerpt":{"rendered":"<p>Subaru24 on klientidele kes otsivad Subaru originaalvaruosi soodsalt.Meil on mitmeid tarnijaid, t\u00e4nu kellele saame Teile pakkuda nii originaal kui ka B varuosi. Lisaks varuosadele saame pakkuda ka tuning- ja performance osi.Lisaks pakume ka erinevaid mootori- ja teisi \u00f5lisid konkurentsiv\u00f5imelise hinnaga. Subarutes soovitame kasutada Motul \u00f5lisid. Epoodi ei ole lisatud k\u00f5iki Subaru originaalvaruosi. K\u00f5ige kindlam on<span class=\"read-more-faq\"><a href=\"https:\/\/epood.subaruhooldus.ee\/?page_id=12\">Read More<\/a><\/span><\/p>\n","protected":false},"author":1,"featured_media":0,"parent":0,"menu_order":2,"comment_status":"closed","ping_status":"closed","template":"","meta":{"_monsterinsights_skip_tracking":false,"_monsterinsights_sitenote_active":false,"_monsterinsights_sitenote_note":"","_monsterinsights_sitenote_category":0,"footnotes":""},"class_list":["post-12","page","type-page","status-publish","hentry"],"aioseo_notices":[],"_links":{"self":[{"href":"https:\/\/epood.subaruhooldus.ee\/index.php?rest_route=\/wp\/v2\/pages\/12","targetHints":{"allow":["GET"]}}],"collection":[{"href":"https:\/\/epood.subaruhooldus.ee\/index.php?rest_route=\/wp\/v2\/pages"}],"about":[{"href":"https:\/\/epood.subaruhooldus.ee\/index.php?rest_route=\/wp\/v2\/types\/page"}],"author":[{"embeddable":true,"href":"https:\/\/epood.subaruhooldus.ee\/index.php?rest_route=\/wp\/v2\/users\/1"}],"replies":[{"embeddable":true,"href":"https:\/\/epood.subaruhooldus.ee\/index.php?rest_route=%2Fwp%2Fv2%2Fcomments&post=12"}],"version-history":[{"count":1,"href":"https:\/\/epood.subaruhooldus.ee\/index.php?rest_route=\/wp\/v2\/pages\/12\/revisions"}],"predecessor-version":[{"id":13,"href":"https:\/\/epood.subaruhooldus.ee\/index.php?rest_route=\/wp\/v2\/pages\/12\/revisions\/13"}],"wp:attachment":[{"href":"https:\/\/epood.subaruhooldus.ee\/index.php?rest_route=%2Fwp%2Fv2%2Fmedia&parent=12"}],"curies":[{"name":"wp","href":"https:\/\/api.w.org\/{rel}","templated":true}]}}